{"id":355,"date":"2023-01-06T20:39:00","date_gmt":"2023-01-06T20:39:00","guid":{"rendered":"https:\/\/adamesteves.com\/?page_id=355"},"modified":"2023-01-16T13:23:26","modified_gmt":"2023-01-16T13:23:26","slug":"para-artistas","status":"publish","type":"page","link":"https:\/\/adamesteves.com\/pb\/para-artistas\/","title":{"rendered":"Para Artistas"},"content":{"rendered":"\n<div class=\"wp-block-columns is-layout-flex wp-container-core-columns-is-layout-9d6595d7 wp-block-columns-is-layout-flex\">\n<div class=\"wp-block-column is-layout-flow wp-block-column-is-layout-flow\" style=\"flex-basis:99999999999vw\">\n<h3 class=\"has-x-large-font-size wp-block-heading\" style=\"font-style:normal;font-weight:700\">Caru<\/h3>\n\n\n\n<div class=\"wp-block-columns is-layout-flex wp-container-core-columns-is-layout-9d6595d7 wp-block-columns-is-layout-flex\">\n<div class=\"wp-block-column has-small-font-size is-layout-flow wp-block-column-is-layout-flow\">\n<h2 class=\"has-medium-font-size wp-block-heading\" style=\"font-style:normal;font-weight:200\"><em>Produ\u00e7\u00e3o Musical e Mixagem<\/em><\/h2>\n<\/div>\n<\/div>\n\n\n\n<div class=\"wp-block-columns is-layout-flex wp-container-core-columns-is-layout-9d6595d7 wp-block-columns-is-layout-flex\">\n<div class=\"wp-block-column is-vertically-aligned-center is-layout-flow wp-block-column-is-layout-flow\">\n<figure class=\"wp-block-image size-full\"><img loading=\"lazy\" decoding=\"async\" width=\"1000\" height=\"640\" src=\"http:\/\/adamesteves.com\/wp-content\/uploads\/2023\/01\/CARU-Divulg-Filipa-Aurelio-1.jpg\" alt=\"\" class=\"wp-image-362\" srcset=\"https:\/\/adamesteves.com\/wp-content\/uploads\/2023\/01\/CARU-Divulg-Filipa-Aurelio-1.jpg 1000w, https:\/\/adamesteves.com\/wp-content\/uploads\/2023\/01\/CARU-Divulg-Filipa-Aurelio-1-300x192.jpg 300w, https:\/\/adamesteves.com\/wp-content\/uploads\/2023\/01\/CARU-Divulg-Filipa-Aurelio-1-768x492.jpg 768w\" sizes=\"auto, (max-width: 1000px) 100vw, 1000px\" \/><\/figure>\n<\/div>\n\n\n\n<div class=\"wp-block-column is-layout-flow wp-block-column-is-layout-flow\">\n<p>Natural de feira de Santana, atualmente reside no Rio de Janeiro. Como compositora tem parcerias com os tropicalistas Capinan e nesse momento, pro seu novo trabalho, com Tom Z\u00e9. CARU j\u00e1 trabalhou com nomes como T\u00f3 Brandileone, Kassin, Diogo Strausz, Alberto Continentino, Felipe Guedes, Julia Branco (MG), Juliana Linhares, Jadsa (BA), e outros. Ap\u00f3s concluir a resid\u00eancia art\u00edstica do ASA \u2013 Arte S\u00f4nica Amplificada, realizada pelo Oi Futuro em parceria com o British Council em 2020, foi uma das artistas a participar da Acelera\u00e7\u00e3o Labs\u00f4nica (Oi Futuro + Est\u00fadio Toca do Bandido). Tamb\u00e9m participou de outros festivais, como Porto Musical (PE), Coquetel Molotov, Festival FARO (RJ) Festival Siacalme, Festival Rebel Vive e do Pitch da WME \u2013 Womens Music Event.<\/p>\n\n\n\n<figure class=\"wp-block-embed is-type-rich is-provider-spotify wp-block-embed-spotify wp-embed-aspect-21-9 wp-has-aspect-ratio\"><div class=\"wp-block-embed__wrapper\">\n<iframe title=\"Spotify Embed: Pintas\" style=\"border-radius: 12px\" width=\"100%\" height=\"152\" frameborder=\"0\" allowfullscreen allow=\"autoplay; clipboard-write; encrypted-media; fullscreen; picture-in-picture\" loading=\"lazy\" src=\"https:\/\/open.spotify.com\/embed\/track\/58IyhiS16WQnLENoRer0AG?si=9c03c0356f2f4842&#038;utm_source=oembed\"><\/iframe>\n<\/div><\/figure>\n<\/div>\n<\/div>\n<\/div>\n<\/div>\n\n\n\n<div class=\"wp-block-columns is-layout-flex wp-container-core-columns-is-layout-9d6595d7 wp-block-columns-is-layout-flex\">\n<div class=\"wp-block-column is-vertically-aligned-top coblocks-animate is-layout-flow wp-block-column-is-layout-flow\" data-coblocks-animation=\"fadeIn\">\n<hr class=\"wp-block-separator has-alpha-channel-opacity\"\/>\n<\/div>\n<\/div>\n\n\n\n<div class=\"wp-block-columns is-layout-flex wp-container-core-columns-is-layout-9d6595d7 wp-block-columns-is-layout-flex\">\n<div class=\"wp-block-column is-layout-flow wp-block-column-is-layout-flow\">\n<h3 class=\"has-x-large-font-size wp-block-heading\" style=\"font-style:normal;font-weight:700\">Tupimasala<\/h3>\n\n\n\n<div class=\"wp-block-columns is-layout-flex wp-container-core-columns-is-layout-9d6595d7 wp-block-columns-is-layout-flex\">\n<div class=\"wp-block-column is-layout-flow wp-block-column-is-layout-flow\">\n<h2 class=\"has-medium-font-size wp-block-heading\" style=\"font-style:normal;font-weight:200\"><em>Produ\u00e7\u00e3o Musical e Mixagem<\/em><\/h2>\n<\/div>\n<\/div>\n\n\n\n<div class=\"wp-block-columns is-layout-flex wp-container-core-columns-is-layout-9d6595d7 wp-block-columns-is-layout-flex\">\n<div class=\"wp-block-column is-layout-flow wp-block-column-is-layout-flow\">\n<figure class=\"wp-block-image size-large\"><img loading=\"lazy\" decoding=\"async\" width=\"1024\" height=\"575\" src=\"http:\/\/adamesteves.com\/wp-content\/uploads\/2023\/01\/Tupi-Divulgacao-Comprimida-1024x575.jpg\" alt=\"\" class=\"wp-image-387\" srcset=\"https:\/\/adamesteves.com\/wp-content\/uploads\/2023\/01\/Tupi-Divulgacao-Comprimida-1024x575.jpg 1024w, https:\/\/adamesteves.com\/wp-content\/uploads\/2023\/01\/Tupi-Divulgacao-Comprimida-300x169.jpg 300w, https:\/\/adamesteves.com\/wp-content\/uploads\/2023\/01\/Tupi-Divulgacao-Comprimida-768x432.jpg 768w, https:\/\/adamesteves.com\/wp-content\/uploads\/2023\/01\/Tupi-Divulgacao-Comprimida-1320x742.jpg 1320w, https:\/\/adamesteves.com\/wp-content\/uploads\/2023\/01\/Tupi-Divulgacao-Comprimida.jpg 1500w\" sizes=\"auto, (max-width: 1024px) 100vw, 1024px\" \/><\/figure>\n<\/div>\n\n\n\n<div class=\"wp-block-column is-layout-flow wp-block-column-is-layout-flow\">\n<p>Um ano ap\u00f3s o lan\u00e7amento do disco &#8220;V\u00eanus&#8221;, eleito um dos melhores de 2017 pela Billboard Brasil, o trio paulistano de electropop lan\u00e7ou o single &#8220;Beb\u00ea N\u00e3o Vai Rolar&#8221;, mesclando texturas retro-futuristas t\u00edpicas dos anos 80 e sonoridade nu-disco.<\/p>\n\n\n\n<p>A m\u00fasica entrou para a playlist &#8220;Indie Stage&#8221;, do Spotify, onde ficou por algumas semanas, reunindo milhares de plays.<\/p>\n\n\n\n<div class=\"wp-block-columns is-layout-flex wp-container-core-columns-is-layout-9d6595d7 wp-block-columns-is-layout-flex\">\n<div class=\"wp-block-column is-layout-flow wp-block-column-is-layout-flow\">\n<figure class=\"wp-block-embed is-type-rich is-provider-spotify wp-block-embed-spotify wp-embed-aspect-21-9 wp-has-aspect-ratio\"><div class=\"wp-block-embed__wrapper\">\n<iframe title=\"Spotify Embed: Beb\u00ea, N\u00e3o Vai Rolar\" style=\"border-radius: 12px\" width=\"100%\" height=\"152\" frameborder=\"0\" allowfullscreen allow=\"autoplay; clipboard-write; encrypted-media; fullscreen; picture-in-picture\" loading=\"lazy\" src=\"https:\/\/open.spotify.com\/embed\/track\/1It8U19vEJGvB1ZyZEPrdE?si=de4489e07fa94ca3&#038;utm_source=oembed\"><\/iframe>\n<\/div><\/figure>\n<\/div>\n<\/div>\n<\/div>\n<\/div>\n<\/div>\n<\/div>\n\n\n\n<hr class=\"wp-block-separator has-alpha-channel-opacity coblocks-animate\" data-coblocks-animation=\"fadeIn\"\/>\n\n\n\n<div class=\"wp-block-columns is-layout-flex wp-container-core-columns-is-layout-9d6595d7 wp-block-columns-is-layout-flex\">\n<div class=\"wp-block-column is-layout-flow wp-block-column-is-layout-flow\"><\/div>\n<\/div>\n\n\n\n<h3 class=\"has-x-large-font-size wp-block-heading\" style=\"font-style:normal;font-weight:700\">Aldozza<\/h3>\n\n\n\n<div class=\"wp-block-columns is-layout-flex wp-container-core-columns-is-layout-9d6595d7 wp-block-columns-is-layout-flex\">\n<div class=\"wp-block-column is-layout-flow wp-block-column-is-layout-flow\">\n<h2 class=\"has-medium-font-size wp-block-heading\" style=\"font-style:normal;font-weight:200\"><em>Produ\u00e7\u00e3o Musical e Mixagem<\/em><\/h2>\n<\/div>\n<\/div>\n\n\n\n<div class=\"wp-block-columns is-layout-flex wp-container-core-columns-is-layout-9d6595d7 wp-block-columns-is-layout-flex\">\n<div class=\"wp-block-column is-layout-flow wp-block-column-is-layout-flow\">\n<figure class=\"wp-block-image size-full\"><img loading=\"lazy\" decoding=\"async\" width=\"952\" height=\"530\" src=\"http:\/\/adamesteves.com\/wp-content\/uploads\/2023\/01\/Aldozza-e1673199807468.jpeg\" alt=\"\" class=\"wp-image-414\" srcset=\"https:\/\/adamesteves.com\/wp-content\/uploads\/2023\/01\/Aldozza-e1673199807468.jpeg 952w, https:\/\/adamesteves.com\/wp-content\/uploads\/2023\/01\/Aldozza-e1673199807468-300x167.jpeg 300w, https:\/\/adamesteves.com\/wp-content\/uploads\/2023\/01\/Aldozza-e1673199807468-768x428.jpeg 768w\" sizes=\"auto, (max-width: 952px) 100vw, 952px\" \/><\/figure>\n<\/div>\n\n\n\n<div class=\"wp-block-column is-layout-flow wp-block-column-is-layout-flow\">\n<p>Aldozza \u00e9 cantor, ator, modelo e artista visual brasileiro que mistura m\u00fasica pop com diversos outros g\u00eaneros musicais, criando assim um trabalho diverso com uma sonoridade atemporal.<\/p>\n\n\n\n<p>Em 2020, foi finalista do programa &#8220;Talentos&#8221;, da TV Cultura. Tamb\u00e9m estrelou a s\u00e9rie da Disney+ &#8220;T\u00e1 Tudo Certo&#8221;, que estreia em 2023<\/p>\n\n\n\n<div class=\"wp-block-columns is-layout-flex wp-container-core-columns-is-layout-9d6595d7 wp-block-columns-is-layout-flex\">\n<div class=\"wp-block-column is-layout-flow wp-block-column-is-layout-flow\">\n<figure class=\"wp-block-embed is-type-rich is-provider-spotify wp-block-embed-spotify wp-embed-aspect-21-9 wp-has-aspect-ratio\"><div class=\"wp-block-embed__wrapper\">\n<iframe title=\"Spotify Embed: Date\" style=\"border-radius: 12px\" width=\"100%\" height=\"152\" frameborder=\"0\" allowfullscreen allow=\"autoplay; clipboard-write; encrypted-media; fullscreen; picture-in-picture\" loading=\"lazy\" src=\"https:\/\/open.spotify.com\/embed\/track\/5RjZomRpqv3v7EqxqkGgx8?si=70d04309f60b4d2e&#038;utm_source=oembed\"><\/iframe>\n<\/div><\/figure>\n<\/div>\n<\/div>\n<\/div>\n<\/div>\n\n\n\n<hr class=\"wp-block-separator has-alpha-channel-opacity\"\/>\n\n\n\n<div class=\"wp-block-columns is-layout-flex wp-container-core-columns-is-layout-9d6595d7 wp-block-columns-is-layout-flex\">\n<div class=\"wp-block-column is-layout-flow wp-block-column-is-layout-flow\"><\/div>\n<\/div>\n\n\n\n<div class=\"wp-block-columns is-layout-flex wp-container-core-columns-is-layout-9d6595d7 wp-block-columns-is-layout-flex\">\n<div class=\"wp-block-column is-layout-flow wp-block-column-is-layout-flow\">\n<h3 class=\"has-x-large-font-size wp-block-heading\" style=\"font-style:normal;font-weight:700\">Gato Celeste<\/h3>\n\n\n\n<div class=\"wp-block-columns is-layout-flex wp-container-core-columns-is-layout-9d6595d7 wp-block-columns-is-layout-flex\">\n<div class=\"wp-block-column is-layout-flow wp-block-column-is-layout-flow\">\n<h2 class=\"has-medium-font-size wp-block-heading\" style=\"font-style:normal;font-weight:200\"><em>Produ\u00e7\u00e3o Musical, Mixagem<\/em> <em>e Masteriza\u00e7\u00e3o<\/em><\/h2>\n<\/div>\n<\/div>\n\n\n\n<div class=\"wp-block-columns is-layout-flex wp-container-core-columns-is-layout-9d6595d7 wp-block-columns-is-layout-flex\">\n<div class=\"wp-block-column is-layout-flow wp-block-column-is-layout-flow\">\n<figure class=\"wp-block-image size-large\"><img loading=\"lazy\" decoding=\"async\" width=\"818\" height=\"1024\" src=\"http:\/\/adamesteves.com\/wp-content\/uploads\/2023\/01\/Captura-de-Tela-2023-01-08-as-23.43.46-818x1024.png\" alt=\"\" class=\"wp-image-427\" srcset=\"https:\/\/adamesteves.com\/wp-content\/uploads\/2023\/01\/Captura-de-Tela-2023-01-08-as-23.43.46-818x1024.png 818w, https:\/\/adamesteves.com\/wp-content\/uploads\/2023\/01\/Captura-de-Tela-2023-01-08-as-23.43.46-240x300.png 240w, https:\/\/adamesteves.com\/wp-content\/uploads\/2023\/01\/Captura-de-Tela-2023-01-08-as-23.43.46-768x962.png 768w, https:\/\/adamesteves.com\/wp-content\/uploads\/2023\/01\/Captura-de-Tela-2023-01-08-as-23.43.46.png 864w\" sizes=\"auto, (max-width: 818px) 100vw, 818px\" \/><\/figure>\n<\/div>\n\n\n\n<div class=\"wp-block-column is-layout-flow wp-block-column-is-layout-flow\">\n<p>Gato Celeste \u00e9 um duo paulistano formado por Gustavo Marson (guitarra e voz) e Tiago Chamas (bateria e voz), que mistura m\u00fasica pop, rock, eletr\u00f4nico, entre outros texturas celestiais.<\/p>\n\n\n\n<p>Lan\u00e7aram o primeiro single &#8220;Expans\u00e3o&#8221; em 2021, e uma s\u00e9rie de m\u00fasicas ser\u00e3o divulgadas em 2023, como a can\u00e7\u00e3o &#8220;Levante&#8221;, com mixagem realizada por Adam Esteves.<\/p>\n\n\n\n<p>Gustavo tem amplo hist\u00f3rico na m\u00fasica de S\u00e3o Paulo. Em 2015 formou o trio instrumental \u2018Trilha Caseira\u2019, que participou do projeto Minidocs, veiculado no Amazon Prime e na TV Cultura. Al\u00e9m disso, estudou Guitarra no Conservat\u00f3rio Dram\u00e1tico e Musical de Tatu\u00ed, onde fez tamb\u00e9m aulas de Canto Popular.<\/p>\n\n\n\n<h2 class=\"wp-block-heading\" style=\"font-size:17px;font-style:normal;font-weight:200\"><em>Produ\u00e7\u00e3o Musical e Mixagem<\/em><\/h2>\n\n\n\n<div class=\"wp-block-columns is-layout-flex wp-container-core-columns-is-layout-9d6595d7 wp-block-columns-is-layout-flex\">\n<div class=\"wp-block-column is-layout-flow wp-block-column-is-layout-flow\">\n<figure class=\"wp-block-embed is-type-rich is-provider-spotify wp-block-embed-spotify wp-embed-aspect-21-9 wp-has-aspect-ratio\"><div class=\"wp-block-embed__wrapper\">\n<iframe title=\"Spotify Embed: Expans\u00e3o\" style=\"border-radius: 12px\" width=\"100%\" height=\"152\" frameborder=\"0\" allowfullscreen allow=\"autoplay; clipboard-write; encrypted-media; fullscreen; picture-in-picture\" loading=\"lazy\" src=\"https:\/\/open.spotify.com\/embed\/track\/0E5AuaiFVEynjwhOzBJ4Ua?si=2c4649ec28dd4861&#038;utm_source=oembed\"><\/iframe>\n<\/div><\/figure>\n\n\n\n<h2 class=\"wp-block-heading\" style=\"font-size:17px;font-style:normal;font-weight:200\"><em>Mixagem<\/em> <em>e Masteriza\u00e7\u00e3o<\/em><\/h2>\n\n\n\n<div class=\"wp-block-columns is-layout-flex wp-container-core-columns-is-layout-9d6595d7 wp-block-columns-is-layout-flex\">\n<div class=\"wp-block-column is-layout-flow wp-block-column-is-layout-flow\">\n<figure class=\"wp-block-embed is-type-rich is-provider-spotify wp-block-embed-spotify wp-embed-aspect-21-9 wp-has-aspect-ratio\"><div class=\"wp-block-embed__wrapper\">\n<iframe title=\"Spotify Embed: Levante\" style=\"border-radius: 12px\" width=\"100%\" height=\"152\" frameborder=\"0\" allowfullscreen allow=\"autoplay; clipboard-write; encrypted-media; fullscreen; picture-in-picture\" loading=\"lazy\" src=\"https:\/\/open.spotify.com\/embed\/track\/7AxXI720zFGcs8rlYE7Qmc?si=d6813542cad1472f&#038;utm_source=oembed\"><\/iframe>\n<\/div><\/figure>\n<\/div>\n<\/div>\n<\/div>\n<\/div>\n<\/div>\n<\/div>\n<\/div>\n<\/div>\n\n\n\n<hr class=\"wp-block-separator has-alpha-channel-opacity\"\/>\n\n\n\n<div class=\"wp-block-columns is-layout-flex wp-container-core-columns-is-layout-9d6595d7 wp-block-columns-is-layout-flex\">\n<div class=\"wp-block-column is-layout-flow wp-block-column-is-layout-flow\"><\/div>\n<\/div>\n\n\n\n<h3 class=\"has-x-large-font-size wp-block-heading\" style=\"font-style:normal;font-weight:700\">DragZilla<\/h3>\n\n\n\n<div class=\"wp-block-columns is-layout-flex wp-container-core-columns-is-layout-9d6595d7 wp-block-columns-is-layout-flex\">\n<div class=\"wp-block-column is-layout-flow wp-block-column-is-layout-flow\">\n<h2 class=\"has-medium-font-size wp-block-heading\" style=\"font-style:normal;font-weight:200\"><em>Produ\u00e7\u00e3o Musical, Mixagem e Masteriza\u00e7\u00e3o<\/em><\/h2>\n\n\n\n<p>Adam Esteves tamb\u00e9m foi o respons\u00e1vel pela cria\u00e7\u00e3o do DragZilla, selo de m\u00fasica cujo intuito era gravar m\u00fasicas de artistas drag, realizando tamb\u00e9m mixagem, masteriza\u00e7\u00e3o e at\u00e9 mesmo lyric v\u00eddeos.<\/p>\n<\/div>\n<\/div>\n\n\n\n<div class=\"wp-block-columns is-layout-flex wp-container-core-columns-is-layout-9d6595d7 wp-block-columns-is-layout-flex\">\n<div class=\"wp-block-column is-layout-flow wp-block-column-is-layout-flow\">\n<div class=\"wp-block-columns is-layout-flex wp-container-core-columns-is-layout-9d6595d7 wp-block-columns-is-layout-flex\">\n<div class=\"wp-block-column is-layout-flow wp-block-column-is-layout-flow\">\n<figure class=\"wp-block-image size-large\"><img loading=\"lazy\" decoding=\"async\" width=\"1024\" height=\"1024\" src=\"http:\/\/adamesteves.com\/wp-content\/uploads\/2023\/01\/DragZilla-1024x1024.jpeg\" alt=\"\" class=\"wp-image-452\" srcset=\"https:\/\/adamesteves.com\/wp-content\/uploads\/2023\/01\/DragZilla-1024x1024.jpeg 1024w, https:\/\/adamesteves.com\/wp-content\/uploads\/2023\/01\/DragZilla-300x300.jpeg 300w, https:\/\/adamesteves.com\/wp-content\/uploads\/2023\/01\/DragZilla-150x150.jpeg 150w, https:\/\/adamesteves.com\/wp-content\/uploads\/2023\/01\/DragZilla-768x768.jpeg 768w, https:\/\/adamesteves.com\/wp-content\/uploads\/2023\/01\/DragZilla-560x560.jpeg 560w, https:\/\/adamesteves.com\/wp-content\/uploads\/2023\/01\/DragZilla.jpeg 1280w\" sizes=\"auto, (max-width: 1024px) 100vw, 1024px\" \/><\/figure>\n<\/div>\n\n\n\n<div class=\"wp-block-column is-layout-flow wp-block-column-is-layout-flow\">\n<figure class=\"wp-block-embed is-type-video is-provider-youtube wp-block-embed-youtube wp-embed-aspect-16-9 wp-has-aspect-ratio\"><div class=\"wp-block-embed__wrapper\">\n<iframe loading=\"lazy\" title=\"Fantine - Vai Dar Match (DragZilla)\" width=\"500\" height=\"281\" src=\"https:\/\/www.youtube.com\/embed\/mz7mnWJi4Xw?feature=oembed\" frameborder=\"0\" allow=\"accelerometer; autoplay; clipboard-write; encrypted-media; gyroscope; picture-in-picture; web-share\" referrerpolicy=\"strict-origin-when-cross-origin\" allowfullscreen><\/iframe>\n<\/div><\/figure>\n\n\n\n<div class=\"wp-block-columns is-layout-flex wp-container-core-columns-is-layout-9d6595d7 wp-block-columns-is-layout-flex\">\n<div class=\"wp-block-column is-layout-flow wp-block-column-is-layout-flow\">\n<figure class=\"wp-block-embed is-type-video is-provider-youtube wp-block-embed-youtube wp-embed-aspect-16-9 wp-has-aspect-ratio\"><div class=\"wp-block-embed__wrapper\">\n<iframe loading=\"lazy\" title=\"Naomi X - Rebatizah (DragZilla)\" width=\"500\" height=\"281\" src=\"https:\/\/www.youtube.com\/embed\/AXWm3p9_ClQ?feature=oembed\" frameborder=\"0\" allow=\"accelerometer; autoplay; clipboard-write; encrypted-media; gyroscope; picture-in-picture; web-share\" referrerpolicy=\"strict-origin-when-cross-origin\" allowfullscreen><\/iframe>\n<\/div><\/figure>\n<\/div>\n<\/div>\n<\/div>\n<\/div>\n<\/div>\n<\/div>\n\n\n\n<hr class=\"wp-block-separator has-alpha-channel-opacity\"\/>\n\n\n\n<div class=\"wp-block-columns is-layout-flex wp-container-core-columns-is-layout-9d6595d7 wp-block-columns-is-layout-flex\">\n<div class=\"wp-block-column is-layout-flow wp-block-column-is-layout-flow\"><\/div>\n<\/div>\n\n\n\n<h3 class=\"has-x-large-font-size wp-block-heading\" style=\"font-style:normal;font-weight:700\">A \u00daltima Banda do Rol\u00ea<\/h3>\n\n\n\n<h2 class=\"has-medium-font-size wp-block-heading\" style=\"font-style:normal;font-weight:200\"><em>Produ\u00e7\u00e3o Musical, Mixagem e Masteriza\u00e7\u00e3o<\/em><\/h2>\n\n\n\n<div class=\"wp-block-columns is-layout-flex wp-container-core-columns-is-layout-9d6595d7 wp-block-columns-is-layout-flex\">\n<div class=\"wp-block-column is-layout-flow wp-block-column-is-layout-flow\">\n<figure class=\"wp-block-image size-large\"><img loading=\"lazy\" decoding=\"async\" width=\"1024\" height=\"670\" src=\"http:\/\/adamesteves.com\/wp-content\/uploads\/2023\/01\/Captura-de-Tela-2023-01-09-as-00.55.08-1024x670.png\" alt=\"\" class=\"wp-image-459\" srcset=\"https:\/\/adamesteves.com\/wp-content\/uploads\/2023\/01\/Captura-de-Tela-2023-01-09-as-00.55.08-1024x670.png 1024w, https:\/\/adamesteves.com\/wp-content\/uploads\/2023\/01\/Captura-de-Tela-2023-01-09-as-00.55.08-300x196.png 300w, https:\/\/adamesteves.com\/wp-content\/uploads\/2023\/01\/Captura-de-Tela-2023-01-09-as-00.55.08-768x503.png 768w, https:\/\/adamesteves.com\/wp-content\/uploads\/2023\/01\/Captura-de-Tela-2023-01-09-as-00.55.08.png 1158w\" sizes=\"auto, (max-width: 1024px) 100vw, 1024px\" \/><\/figure>\n<\/div>\n\n\n\n<div class=\"wp-block-column is-layout-flow wp-block-column-is-layout-flow\">\n<p>A \u00daltima Banda do Rol\u00ea mostra o que acontece quando vertentes e ritmos brasileiros se encontram com guitarras distorcidas, delay e sintetizadores. Com essa proposta, os paulistanos Gabriel Chinelo, na bateria, o guitarrista e vocalista Gustavo Battistini, o baixista  Hector de Paula e Adam Esteves, na voz, guitarra e sintetizadores, criaram uma sonoridade cosmopolita que dialoga com texturas internacionais, mas que n\u00e3o renega suas ra\u00edzes regionais.<\/p>\n\n\n\n<p>Em resumo, trata-se de um encontro para desfrutar de um Brasil c\u00f3smico, fresco e intenso.<\/p>\n\n\n\n<div class=\"wp-block-columns is-layout-flex wp-container-core-columns-is-layout-9d6595d7 wp-block-columns-is-layout-flex\">\n<div class=\"wp-block-column is-layout-flow wp-block-column-is-layout-flow\">\n<figure class=\"wp-block-embed is-type-rich is-provider-spotify wp-block-embed-spotify wp-embed-aspect-21-9 wp-has-aspect-ratio\"><div class=\"wp-block-embed__wrapper\">\n<iframe title=\"Spotify Embed: Eu Invento Sonhos\" style=\"border-radius: 12px\" width=\"100%\" height=\"152\" frameborder=\"0\" allowfullscreen allow=\"autoplay; clipboard-write; encrypted-media; fullscreen; picture-in-picture\" loading=\"lazy\" src=\"https:\/\/open.spotify.com\/embed\/track\/6Pn0HO6I2bpSFywWAg8sks?si=fa90b375d0af42f5&#038;utm_source=oembed\"><\/iframe>\n<\/div><\/figure>\n<\/div>\n<\/div>\n<\/div>\n<\/div>\n","protected":false},"excerpt":{"rendered":"<p>Caru Produ\u00e7\u00e3o Musical e Mixagem Natural de feira de Santana, atualmente reside no Rio de Janeiro. Como compositora tem parcerias com os tropicalistas Capinan e nesse momento, pro seu novo trabalho, com Tom Z\u00e9. CARU j\u00e1 trabalhou com nomes como T\u00f3 Brandileone, Kassin, Diogo Strausz, Alberto Continentino, Felipe Guedes, Julia Branco (MG), Juliana Linhares, Jadsa (BA), e outros. Ap\u00f3s concluir a resid\u00eancia art\u00edstica do ASA \u2013 Arte S\u00f4nica Amplificada, realizada pelo Oi Futuro em parceria com o British Council em 2020, foi uma das artistas a participar da Acelera\u00e7\u00e3o Labs\u00f4nica (Oi Futuro + Est\u00fadio Toca do Bandido). Tamb\u00e9m participou de&#8230; <\/p>\n","protected":false},"author":1,"featured_media":0,"parent":0,"menu_order":0,"comment_status":"closed","ping_status":"closed","template":"template-parts\/page-template-full-width.php","meta":{"_coblocks_attr":"","_coblocks_dimensions":"","_coblocks_responsive_height":"","_coblocks_accordion_ie_support":"","footnotes":""},"class_list":["post-355","page","type-page","status-publish","hentry"],"jetpack_sharing_enabled":true,"_links":{"self":[{"href":"https:\/\/adamesteves.com\/pb\/wp-json\/wp\/v2\/pages\/355","targetHints":{"allow":["GET"]}}],"collection":[{"href":"https:\/\/adamesteves.com\/pb\/wp-json\/wp\/v2\/pages"}],"about":[{"href":"https:\/\/adamesteves.com\/pb\/wp-json\/wp\/v2\/types\/page"}],"author":[{"embeddable":true,"href":"https:\/\/adamesteves.com\/pb\/wp-json\/wp\/v2\/users\/1"}],"replies":[{"embeddable":true,"href":"https:\/\/adamesteves.com\/pb\/wp-json\/wp\/v2\/comments?post=355"}],"version-history":[{"count":71,"href":"https:\/\/adamesteves.com\/pb\/wp-json\/wp\/v2\/pages\/355\/revisions"}],"predecessor-version":[{"id":600,"href":"https:\/\/adamesteves.com\/pb\/wp-json\/wp\/v2\/pages\/355\/revisions\/600"}],"wp:attachment":[{"href":"https:\/\/adamesteves.com\/pb\/wp-json\/wp\/v2\/media?parent=355"}],"curies":[{"name":"wp","href":"https:\/\/api.w.org\/{rel}","templated":true}]}}