{"id":1979,"date":"2023-08-19T21:21:40","date_gmt":"2023-08-19T21:21:40","guid":{"rendered":"https:\/\/adamesteves.com\/?page_id=1979"},"modified":"2023-08-25T15:27:42","modified_gmt":"2023-08-25T15:27:42","slug":"imprensa","status":"publish","type":"page","link":"https:\/\/adamesteves.com\/pb\/imprensa\/","title":{"rendered":"Imprensa"},"content":{"rendered":"\n<h2 class=\"wp-block-heading\">Projeto musical mistura refer\u00eancias nost\u00e1lgicas dos anos 90<\/h2>\n\n\n\n<figure class=\"wp-block-image size-large is-resized\"><img loading=\"lazy\" decoding=\"async\" src=\"http:\/\/adamesteves.com\/wp-content\/uploads\/2023\/08\/Capa_02-1-1024x1024.jpg\" alt=\"\" class=\"wp-image-1980\" width=\"385\" height=\"385\" srcset=\"https:\/\/adamesteves.com\/wp-content\/uploads\/2023\/08\/Capa_02-1-1024x1024.jpg 1024w, https:\/\/adamesteves.com\/wp-content\/uploads\/2023\/08\/Capa_02-1-300x300.jpg 300w, https:\/\/adamesteves.com\/wp-content\/uploads\/2023\/08\/Capa_02-1-150x150.jpg 150w, https:\/\/adamesteves.com\/wp-content\/uploads\/2023\/08\/Capa_02-1-768x768.jpg 768w, https:\/\/adamesteves.com\/wp-content\/uploads\/2023\/08\/Capa_02-1-1536x1536.jpg 1536w, https:\/\/adamesteves.com\/wp-content\/uploads\/2023\/08\/Capa_02-1-2048x2048.jpg 2048w, https:\/\/adamesteves.com\/wp-content\/uploads\/2023\/08\/Capa_02-1-560x560.jpg 560w\" sizes=\"auto, (max-width: 385px) 100vw, 385px\" \/><\/figure>\n\n\n\n<p>O m\u00fasico Adam Esteves acaba de lan\u00e7ar o single &#8220;Your Love Is Like Madness&#8221;, uma colabora\u00e7\u00e3o com o rapper carioca Gabriel Ahoo. A m\u00fasica \u00e9 a primeira amostra do EP intitulado &#8220;Mix K7&#8221;, programado para ser lan\u00e7ado em 2024. O single est\u00e1 dispon\u00edvel em todas as plataformas digitais.<\/p>\n\n\n\n<p>&#8220;Your Love Is Like Madness&#8221; transcende as barreiras dos g\u00eaneros musicais ao combinar elementos de indie pop sintetizado com o cl\u00e1ssico Boom bap, um subg\u00eanero emblem\u00e1tico do hip hop que floresceu no final dos anos 80 e in\u00edcio dos anos 90. O trabalho de Adam Esteves \u00e9 uma viagem nost\u00e1lgica pelo tempo, repleta de refer\u00eancias ic\u00f4nicas daquela era, como fitas cassete, televisores de tubo, telefones fixos com fio e texturas em VHS. A faixa n\u00e3o apenas incorpora a sonoridade desse per\u00edodo, com sintetizadores e efeitos retr\u00f4, mas tamb\u00e9m encapsula a ess\u00eancia e a energia da \u00e9poca.<\/p>\n\n\n\n<p>&#8220;Eu nasci nos anos 80, mas muitas das refer\u00eancias de cultura pop que tenho s\u00e3o da minha inf\u00e2ncia vivida no interior de S\u00e3o Paulo, em 93, 94. Esse lugar me remete a um sentimento nost\u00e1lgico que quis representar por meio da m\u00fasica e de imagens na capa e no clipe&#8221;, afirma o m\u00fasico.<\/p>\n\n\n\n<p>Este lan\u00e7amento marca o retorno de Adam Esteves ao cen\u00e1rio musical, depois de uma trajet\u00f3ria como produtor e engenheiro de som. Formado pelo Instituto de \u00c1udio e V\u00eddeo (IAV) de S\u00e3o Paulo, ele deixou sua marca em diversos projetos, especialmente com artistas independentes. Com passagens pelo est\u00fadio Traquitana, onde trabalhou com nomes como Criolo, Liniker, Luedji Luna e Letrux, e pelo est\u00fadio Centauro Comunicaciones, especializado em dublagem e \u00e1udio, Adam Esteves vem atuando no mercado h\u00e1 mais de 10 anos.<\/p>\n\n\n\n<p>Sua paix\u00e3o pela m\u00fasica come\u00e7ou cedo, quando participava de bandas de pop-rock durante a adolesc\u00eancia. Em 2014, fundou a banda Tupimasala, cujo \u00e1lbum &#8220;V\u00eanus&#8221; ganhou destaque e foi eleito um dos melhores de 2017 pela revista Billboard.<\/p>\n\n\n\n<p>&#8220;Your Love Is Like Madness&#8221; \u00e9 a primeira etapa de um novo cap\u00edtulo na carreira de Adam Esteves, demonstrando sua habilidade de fundir diferentes estilos musicais em uma cria\u00e7\u00e3o nost\u00e1lgica e envolvente.<\/p>\n","protected":false},"excerpt":{"rendered":"<p>Projeto musical mistura refer\u00eancias nost\u00e1lgicas dos anos 90 O m\u00fasico Adam Esteves acaba de lan\u00e7ar o single &#8220;Your Love Is Like Madness&#8221;, uma colabora\u00e7\u00e3o com o rapper carioca Gabriel Ahoo. A m\u00fasica \u00e9 a primeira amostra do EP intitulado &#8220;Mix K7&#8221;, programado para ser lan\u00e7ado em 2024. O single est\u00e1 dispon\u00edvel em todas as plataformas digitais. &#8220;Your Love Is Like Madness&#8221; transcende as barreiras dos g\u00eaneros musicais ao combinar elementos de indie pop sintetizado com o cl\u00e1ssico Boom bap, um subg\u00eanero emblem\u00e1tico do hip hop que floresceu no final dos anos 80 e in\u00edcio dos anos 90. O trabalho de&#8230; <\/p>\n","protected":false},"author":1,"featured_media":0,"parent":0,"menu_order":0,"comment_status":"closed","ping_status":"closed","template":"template-parts\/page-template-full-width.php","meta":{"_coblocks_attr":"","_coblocks_dimensions":"","_coblocks_responsive_height":"","_coblocks_accordion_ie_support":"","footnotes":""},"class_list":["post-1979","page","type-page","status-publish","hentry"],"jetpack_sharing_enabled":true,"_links":{"self":[{"href":"https:\/\/adamesteves.com\/pb\/wp-json\/wp\/v2\/pages\/1979","targetHints":{"allow":["GET"]}}],"collection":[{"href":"https:\/\/adamesteves.com\/pb\/wp-json\/wp\/v2\/pages"}],"about":[{"href":"https:\/\/adamesteves.com\/pb\/wp-json\/wp\/v2\/types\/page"}],"author":[{"embeddable":true,"href":"https:\/\/adamesteves.com\/pb\/wp-json\/wp\/v2\/users\/1"}],"replies":[{"embeddable":true,"href":"https:\/\/adamesteves.com\/pb\/wp-json\/wp\/v2\/comments?post=1979"}],"version-history":[{"count":2,"href":"https:\/\/adamesteves.com\/pb\/wp-json\/wp\/v2\/pages\/1979\/revisions"}],"predecessor-version":[{"id":2045,"href":"https:\/\/adamesteves.com\/pb\/wp-json\/wp\/v2\/pages\/1979\/revisions\/2045"}],"wp:attachment":[{"href":"https:\/\/adamesteves.com\/pb\/wp-json\/wp\/v2\/media?parent=1979"}],"curies":[{"name":"wp","href":"https:\/\/api.w.org\/{rel}","templated":true}]}}