{"id":161,"date":"2022-09-24T21:16:05","date_gmt":"2022-09-24T21:16:05","guid":{"rendered":"https:\/\/adamesteves.com\/?page_id=161"},"modified":"2023-01-11T16:47:00","modified_gmt":"2023-01-11T16:47:00","slug":"projetos","status":"publish","type":"page","link":"https:\/\/adamesteves.com\/pb\/projetos\/","title":{"rendered":"Projetos"},"content":{"rendered":"\n<div class=\"wp-block-columns is-layout-flex wp-container-core-columns-is-layout-9d6595d7 wp-block-columns-is-layout-flex\">\n<div class=\"wp-block-column is-layout-flow wp-block-column-is-layout-flow\">\n<p>Com o dom\u00ednio de amplas linguagens que v\u00e3o da m\u00fasica ao cinema, passando pelas etapas de produ\u00e7\u00e3o musical, mixagem e masteriza\u00e7\u00e3o, \u00e9 poss\u00edvel realizar a entrega de diferentes projetos. Possui uma proposta interessante e quer fazer um or\u00e7amento? Entre em contato clicando <a href=\"https:\/\/adamesteves.com\/contato\/\" data-type=\"URL\" data-id=\"https:\/\/adamesteves.com\/contato\/\">aqui<\/a>. <\/p>\n\n\n\n<p>Acessando os campos abaixo, voc\u00ea encontrar\u00e1 exemplos do portf\u00f3lio do Adam Esteves relacionados a trilhas para marcas e trabalhos feitos para artistas. <\/p>\n\n\n\n<div class=\"wp-block-columns is-layout-flex wp-container-core-columns-is-layout-9d6595d7 wp-block-columns-is-layout-flex\">\n<div class=\"wp-block-column is-layout-flow wp-block-column-is-layout-flow\">\n<div class=\"wp-block-cover\" style=\"min-height:500px;aspect-ratio:unset;\"><span aria-hidden=\"true\" class=\"wp-block-cover__background has-background-dim\"><\/span><img loading=\"lazy\" decoding=\"async\" width=\"1075\" height=\"1600\" class=\"wp-block-cover__image-background wp-image-498\" alt=\"\" src=\"http:\/\/adamesteves.com\/wp-content\/uploads\/2023\/01\/crop-0-0-1075-1600-0-DSC0501-scaled-e1673388369145.jpg\" data-object-fit=\"cover\" srcset=\"https:\/\/adamesteves.com\/wp-content\/uploads\/2023\/01\/crop-0-0-1075-1600-0-DSC0501-scaled-e1673388369145.jpg 1075w, https:\/\/adamesteves.com\/wp-content\/uploads\/2023\/01\/crop-0-0-1075-1600-0-DSC0501-scaled-e1673388369145-202x300.jpg 202w, https:\/\/adamesteves.com\/wp-content\/uploads\/2023\/01\/crop-0-0-1075-1600-0-DSC0501-scaled-e1673388369145-688x1024.jpg 688w, https:\/\/adamesteves.com\/wp-content\/uploads\/2023\/01\/crop-0-0-1075-1600-0-DSC0501-scaled-e1673388369145-768x1143.jpg 768w, https:\/\/adamesteves.com\/wp-content\/uploads\/2023\/01\/crop-0-0-1075-1600-0-DSC0501-scaled-e1673388369145-1032x1536.jpg 1032w\" sizes=\"auto, (max-width: 1075px) 100vw, 1075px\" \/><div class=\"wp-block-cover__inner-container is-layout-flow wp-block-cover-is-layout-flow\">\n<p class=\"has-text-align-center has-white-color has-text-color\" style=\"font-size:60px;font-style:normal;font-weight:700\"><a href=\"https:\/\/adamesteves.com\/trilhas\/\" data-type=\"URL\" data-id=\"https:\/\/adamesteves.com\/trilhas\/\"><mark style=\"background-color:rgba(0, 0, 0, 0)\" class=\"has-inline-color has-white-color\">Trilhas<\/mark><\/a><\/p>\n<\/div><\/div>\n<\/div>\n\n\n\n<div class=\"wp-block-column is-layout-flow wp-block-column-is-layout-flow\">\n<div class=\"wp-block-cover\" style=\"min-height:500px;aspect-ratio:unset;\"><span aria-hidden=\"true\" class=\"wp-block-cover__background has-background-dim\"><\/span><img loading=\"lazy\" decoding=\"async\" width=\"1075\" height=\"1603\" class=\"wp-block-cover__image-background wp-image-496\" alt=\"\" src=\"http:\/\/adamesteves.com\/wp-content\/uploads\/2023\/01\/crop-0-0-1075-1603-0-Ilustracao-Adam-e1673387556761.png\" style=\"object-position:27% 23%\" data-object-fit=\"cover\" data-object-position=\"27% 23%\"\/><div class=\"wp-block-cover__inner-container is-layout-flow wp-block-cover-is-layout-flow\">\n<p class=\"has-text-align-center has-white-color has-text-color\" style=\"font-size:60px;font-style:normal;font-weight:700\"><a href=\"https:\/\/adamesteves.com\/para-artistas\/\" data-type=\"URL\" data-id=\"https:\/\/adamesteves.com\/para-artistas\/\"><mark style=\"background-color:rgba(0, 0, 0, 0)\" class=\"has-inline-color has-white-color\">Para Artistas<\/mark><\/a><\/p>\n<\/div><\/div>\n<\/div>\n<\/div>\n<\/div>\n<\/div>\n","protected":false},"excerpt":{"rendered":"<p>Com o dom\u00ednio de amplas linguagens que v\u00e3o da m\u00fasica ao cinema, passando pelas etapas de produ\u00e7\u00e3o musical, mixagem e masteriza\u00e7\u00e3o, \u00e9 poss\u00edvel realizar a entrega de diferentes projetos. Possui uma proposta interessante e quer fazer um or\u00e7amento? Entre em contato clicando aqui. Acessando os campos abaixo, voc\u00ea encontrar\u00e1 exemplos do portf\u00f3lio do Adam Esteves relacionados a trilhas para marcas e trabalhos feitos para artistas.<\/p>\n","protected":false},"author":1,"featured_media":0,"parent":0,"menu_order":0,"comment_status":"closed","ping_status":"closed","template":"template-parts\/page-template-full-width.php","meta":{"_coblocks_attr":"","_coblocks_dimensions":"","_coblocks_responsive_height":"","_coblocks_accordion_ie_support":"","footnotes":""},"class_list":["post-161","page","type-page","status-publish","hentry"],"jetpack_sharing_enabled":true,"_links":{"self":[{"href":"https:\/\/adamesteves.com\/pb\/wp-json\/wp\/v2\/pages\/161","targetHints":{"allow":["GET"]}}],"collection":[{"href":"https:\/\/adamesteves.com\/pb\/wp-json\/wp\/v2\/pages"}],"about":[{"href":"https:\/\/adamesteves.com\/pb\/wp-json\/wp\/v2\/types\/page"}],"author":[{"embeddable":true,"href":"https:\/\/adamesteves.com\/pb\/wp-json\/wp\/v2\/users\/1"}],"replies":[{"embeddable":true,"href":"https:\/\/adamesteves.com\/pb\/wp-json\/wp\/v2\/comments?post=161"}],"version-history":[{"count":18,"href":"https:\/\/adamesteves.com\/pb\/wp-json\/wp\/v2\/pages\/161\/revisions"}],"predecessor-version":[{"id":540,"href":"https:\/\/adamesteves.com\/pb\/wp-json\/wp\/v2\/pages\/161\/revisions\/540"}],"wp:attachment":[{"href":"https:\/\/adamesteves.com\/pb\/wp-json\/wp\/v2\/media?parent=161"}],"curies":[{"name":"wp","href":"https:\/\/api.w.org\/{rel}","templated":true}]}}