{"id":131,"date":"2022-09-24T13:31:14","date_gmt":"2022-09-24T13:31:14","guid":{"rendered":"https:\/\/adamesteves.com\/?page_id=131"},"modified":"2023-01-06T19:31:24","modified_gmt":"2023-01-06T19:31:24","slug":"sobre-adam-esteves","status":"publish","type":"page","link":"https:\/\/adamesteves.com\/pb\/sobre-adam-esteves\/","title":{"rendered":"Sobre Adam"},"content":{"rendered":"\n<p class=\"has-text-align-left\">Adam Esteves Debiasi \u00e9 produtor musical e engenheiro de som formado pelo IAV (Instituto de \u00c1udio e V\u00eddeo), de S\u00e3o Paulo, cidade onde realizou a maioria dos trabalhos na \u00e1rea musical, principalmente com artistas independentes. L\u00e1, atuou no est\u00fadio Traquitana, fazendo ensaios para artistas como Criolo, Liniker, Luedji Luna, Letrux, entre outros. <\/p>\n\n\n\n<p class=\"has-text-align-left\">Tamb\u00e9m trabalhou no est\u00fadio Centauro Comunicaciones, especializado em dublagem, legendagem, audiodescri\u00e7\u00e3o e audiolivros. Atualmente vem realizando a produ\u00e7\u00e3o musical e mixagem para artistas de todo o Brasil e trilhas sonoras para marcas.<\/p>\n\n\n\n<p class=\"has-text-align-left\">Sua experi\u00eancia musical come\u00e7ou ainda na adolesc\u00eancia, com a participa\u00e7\u00e3o em bandas de pop-rock. Em 2014, formou a banda Tupimasala, cujo disco &#8220;V\u00eanus&#8221; foi eleito um dos melhores \u00e1lbuns de 2017 pela revista Billboard.<\/p>\n\n\n<div class=\"wp-block-image\">\n<figure class=\"aligncenter size-full is-resized\"><img loading=\"lazy\" decoding=\"async\" src=\"http:\/\/adamesteves.com\/wp-content\/uploads\/2022\/12\/2_DSC0453-scaled.jpg\" alt=\"Adam em est\u00fadio\" class=\"wp-image-201\" width=\"640\" height=\"427\" srcset=\"https:\/\/adamesteves.com\/wp-content\/uploads\/2022\/12\/2_DSC0453-scaled.jpg 2560w, https:\/\/adamesteves.com\/wp-content\/uploads\/2022\/12\/2_DSC0453-300x200.jpg 300w\" sizes=\"auto, (max-width: 640px) 100vw, 640px\" \/><\/figure><\/div>","protected":false},"excerpt":{"rendered":"<p>Adam Esteves Debiasi \u00e9 produtor musical e engenheiro de som formado pelo IAV (Instituto de \u00c1udio e V\u00eddeo), de S\u00e3o Paulo, cidade onde realizou a maioria dos trabalhos na \u00e1rea musical, principalmente com artistas independentes. L\u00e1, atuou no est\u00fadio Traquitana, fazendo ensaios para artistas como Criolo, Liniker, Luedji Luna, Letrux, entre outros. Tamb\u00e9m trabalhou no est\u00fadio Centauro Comunicaciones, especializado em dublagem, legendagem, audiodescri\u00e7\u00e3o e audiolivros. Atualmente vem realizando a produ\u00e7\u00e3o musical e mixagem para artistas de todo o Brasil e trilhas sonoras para marcas. Sua experi\u00eancia musical come\u00e7ou ainda na adolesc\u00eancia, com a participa\u00e7\u00e3o em bandas de pop-rock. Em 2014,&#8230; <\/p>\n","protected":false},"author":1,"featured_media":0,"parent":0,"menu_order":0,"comment_status":"closed","ping_status":"closed","template":"template-parts\/page-template-full-width.php","meta":{"_coblocks_attr":"","_coblocks_dimensions":"","_coblocks_responsive_height":"","_coblocks_accordion_ie_support":"","footnotes":""},"class_list":["post-131","page","type-page","status-publish","hentry"],"jetpack_sharing_enabled":true,"_links":{"self":[{"href":"https:\/\/adamesteves.com\/pb\/wp-json\/wp\/v2\/pages\/131","targetHints":{"allow":["GET"]}}],"collection":[{"href":"https:\/\/adamesteves.com\/pb\/wp-json\/wp\/v2\/pages"}],"about":[{"href":"https:\/\/adamesteves.com\/pb\/wp-json\/wp\/v2\/types\/page"}],"author":[{"embeddable":true,"href":"https:\/\/adamesteves.com\/pb\/wp-json\/wp\/v2\/users\/1"}],"replies":[{"embeddable":true,"href":"https:\/\/adamesteves.com\/pb\/wp-json\/wp\/v2\/comments?post=131"}],"version-history":[{"count":12,"href":"https:\/\/adamesteves.com\/pb\/wp-json\/wp\/v2\/pages\/131\/revisions"}],"predecessor-version":[{"id":354,"href":"https:\/\/adamesteves.com\/pb\/wp-json\/wp\/v2\/pages\/131\/revisions\/354"}],"wp:attachment":[{"href":"https:\/\/adamesteves.com\/pb\/wp-json\/wp\/v2\/media?parent=131"}],"curies":[{"name":"wp","href":"https:\/\/api.w.org\/{rel}","templated":true}]}}