{"id":335,"date":"2023-01-06T17:50:47","date_gmt":"2023-01-06T17:50:47","guid":{"rendered":"https:\/\/adamesteves.com\/?page_id=335"},"modified":"2023-08-03T18:01:57","modified_gmt":"2023-08-03T18:01:57","slug":"trilhas","status":"publish","type":"page","link":"https:\/\/adamesteves.com\/es\/trilhas\/","title":{"rendered":"Trilhas"},"content":{"rendered":"\n<div class=\"wp-block-columns is-layout-flex wp-container-core-columns-is-layout-9d6595d7 wp-block-columns-is-layout-flex\">\n<div class=\"wp-block-column is-layout-flow wp-block-column-is-layout-flow\">\n<h2 class=\"wp-block-heading\">M\u00fasicas para v\u00eddeos de TikTok e Instagram<\/h2>\n\n\n\n<div class=\"wp-block-columns is-layout-flex wp-container-core-columns-is-layout-9d6595d7 wp-block-columns-is-layout-flex\">\n<div class=\"wp-block-column is-layout-flow wp-block-column-is-layout-flow\">\n<p>A necessidade cada vez maior de personaliza\u00e7\u00e3o de trilhas para redes sociais em raz\u00e3o do boom dos formatos de v\u00eddeos de TikTok e Reels, do Instagram, vem ampliando a atua\u00e7\u00e3o do papel do produtor musical em music branding. <\/p>\n\n\n\n<p>Nesse tipo de projeto, o contratante envia seu briefing <a href=\"https:\/\/adamesteves.com\/contato\/\" data-type=\"URL\" data-id=\"https:\/\/adamesteves.com\/contato\/\">aqui<\/a> com as informa\u00e7\u00f5es necess\u00e1rias para a cria\u00e7\u00e3o da m\u00fasica, como refer\u00eancias, tempo da trilha, entre outros. Um or\u00e7amento \u00e9 elaborado e, com a aprova\u00e7\u00e3o, a pe\u00e7a musical \u00e9 realizada em poucos dias. <\/p>\n\n\n\n<p>Ao contr\u00e1rio dos bancos de trilhas gen\u00e9ricos, a m\u00fasica personalizada permite sincronizar os movimentos dos atores e dan\u00e7arinos nos v\u00eddeos com o beat da can\u00e7\u00e3o, algo bastante valorizado nos v\u00eddeos de TikTok e Instagram.<\/p>\n<\/div>\n<\/div>\n\n\n\n<div class=\"wp-block-columns is-layout-flex wp-container-core-columns-is-layout-9d6595d7 wp-block-columns-is-layout-flex\">\n<div class=\"wp-block-column is-layout-flow wp-block-column-is-layout-flow\">\n<figure class=\"wp-block-embed is-type-video is-provider-tiktok wp-block-embed-tiktok\"><div class=\"wp-block-embed__wrapper\">\n<blockquote class=\"tiktok-embed\" cite=\"https:\/\/www.tiktok.com\/@skalacosmeticos\/video\/7135830248796507397\" data-video-id=\"7135830248796507397\" data-embed-from=\"oembed\" style=\"max-width:605px; min-width:325px;\"> <section> <a target=\"_blank\" title=\"@skalacosmeticos\" href=\"https:\/\/www.tiktok.com\/@skalacosmeticos?refer=embed\">@skalacosmeticos<\/a> <p>Vem com a gente descobrir a f\u00f3rmula secreta do Brasil! \u2600\ufe0f\ud83c\udf35<a title=\"skalabrasil\" target=\"_blank\" href=\"https:\/\/www.tiktok.com\/tag\/skalabrasil?refer=embed\">#skalabrasil<\/a>  <a title=\"cabelosperfeitos\" target=\"_blank\" href=\"https:\/\/www.tiktok.com\/tag\/cabelosperfeitos?refer=embed\">#cabelosperfeitos<\/a>  <a title=\"hairstyle\" target=\"_blank\" href=\"https:\/\/www.tiktok.com\/tag\/hairstyle?refer=embed\">#hairstyle<\/a>  <a title=\"cabelocrespo\" target=\"_blank\" href=\"https:\/\/www.tiktok.com\/tag\/cabelocrespo?refer=embed\">#cabelocrespo<\/a>  <a title=\"cabeloscacheados\" target=\"_blank\" href=\"https:\/\/www.tiktok.com\/tag\/cabeloscacheados?refer=embed\">#cabeloscacheados<\/a><\/p> <a target=\"_blank\" title=\"\u266c som original - Skala Cosm\u00e9ticos\" href=\"https:\/\/www.tiktok.com\/music\/som-original-7135830271139597062?refer=embed\">\u266c som original &#8211; Skala Cosm\u00e9ticos<\/a> <\/section> <\/blockquote> <script async src=\"https:\/\/www.tiktok.com\/embed.js\"><\/script>\n<\/div><\/figure>\n<\/div>\n\n\n\n<div class=\"wp-block-column is-layout-flow wp-block-column-is-layout-flow\">\n<figure class=\"wp-block-embed is-type-video is-provider-tiktok wp-block-embed-tiktok\"><div class=\"wp-block-embed__wrapper\">\n<blockquote class=\"tiktok-embed\" cite=\"https:\/\/www.tiktok.com\/@beatmusicbot\/video\/7263156061949922565\" data-video-id=\"7263156061949922565\" data-embed-from=\"oembed\" style=\"max-width:605px; min-width:325px;\"> <section> <a target=\"_blank\" title=\"@beatmusicbot\" href=\"https:\/\/www.tiktok.com\/@beatmusicbot?refer=embed\">@beatmusicbot<\/a> <p>Trilha para marca de moda de S\u00e3o Paulo<\/p> <a target=\"_blank\" title=\"\u266c som original - beatmusicbot\" href=\"https:\/\/www.tiktok.com\/music\/som-original-7263156066037484294?refer=embed\">\u266c som original &#8211; beatmusicbot<\/a> <\/section> <\/blockquote> <script async src=\"https:\/\/www.tiktok.com\/embed.js\"><\/script>\n<\/div><\/figure>\n<\/div>\n\n\n\n<div class=\"wp-block-column is-layout-flow wp-block-column-is-layout-flow\">\n<figure class=\"wp-block-embed is-type-video is-provider-tiktok wp-block-embed-tiktok\"><div class=\"wp-block-embed__wrapper\">\n<blockquote class=\"tiktok-embed\" cite=\"https:\/\/www.tiktok.com\/@beatmusicbot\/video\/7263156198466211078\" data-video-id=\"7263156198466211078\" data-embed-from=\"oembed\" style=\"max-width:605px; min-width:325px;\"> <section> <a target=\"_blank\" title=\"@beatmusicbot\" href=\"https:\/\/www.tiktok.com\/@beatmusicbot?refer=embed\">@beatmusicbot<\/a> <p>Trilha para marca de moda de S\u00e3o Paulo<\/p> <a target=\"_blank\" title=\"\u266c som original - beatmusicbot\" href=\"https:\/\/www.tiktok.com\/music\/som-original-7263156199403801350?refer=embed\">\u266c som original &#8211; beatmusicbot<\/a> <\/section> <\/blockquote> <script async src=\"https:\/\/www.tiktok.com\/embed.js\"><\/script>\n<\/div><\/figure>\n<\/div>\n<\/div>\n<\/div>\n<\/div>\n\n\n\n<div class=\"wp-block-columns is-layout-flex wp-container-core-columns-is-layout-9d6595d7 wp-block-columns-is-layout-flex\">\n<div class=\"wp-block-column is-layout-flow wp-block-column-is-layout-flow\">\n<h2 class=\"wp-block-heading\">Vinheta | Vitrine Espanha<\/h2>\n\n\n\n<div class=\"wp-block-columns is-layout-flex wp-container-core-columns-is-layout-9d6595d7 wp-block-columns-is-layout-flex\">\n<div class=\"wp-block-column is-layout-flow wp-block-column-is-layout-flow\" style=\"flex-basis:66.66%\">\n<figure class=\"wp-block-embed is-type-video is-provider-youtube wp-block-embed-youtube wp-embed-aspect-16-9 wp-has-aspect-ratio\"><div class=\"wp-block-embed__wrapper\">\n<iframe loading=\"lazy\" title=\"Vitrine Espa\u00f1a - Vinheta\" width=\"500\" height=\"281\" src=\"https:\/\/www.youtube.com\/embed\/BexUq1A0QQ8?feature=oembed\" frameborder=\"0\" allow=\"accelerometer; autoplay; clipboard-write; encrypted-media; gyroscope; picture-in-picture; web-share\" referrerpolicy=\"strict-origin-when-cross-origin\" allowfullscreen><\/iframe>\n<\/div><\/figure>\n<\/div>\n\n\n\n<div class=\"wp-block-column is-layout-flow wp-block-column-is-layout-flow\" style=\"flex-basis:33.33%\">\n<p>Vitrine Filmes \u00e9 uma empresa distribuidora e produtora fundada em julho de 2020 com sede em Donostia-San Sebasti\u00e1n focada em trazer ao mercado espanhol uma variada sele\u00e7\u00e3o de filmes. Neste trabalho, foi realizada a produ\u00e7\u00e3o musical, mixagem e masteriza\u00e7\u00e3o. Para a produ\u00e7\u00e3o musical, foram utilizados viol\u00e3o e sintetizadores, com o intuito de misturar tradicionais timbres que s\u00e3o s\u00edmbolos da cultura ib\u00e9rica com elementos modernos, bastante presentes no cinema. A mixagem foi desenvolvida em 5.1 para exibi\u00e7\u00e3o em cinemas e home theater.<\/p>\n<\/div>\n<\/div>\n<\/div>\n<\/div>\n","protected":false},"excerpt":{"rendered":"<p>M\u00fasicas para v\u00eddeos de TikTok e Instagram A necessidade cada vez maior de personaliza\u00e7\u00e3o de trilhas para redes sociais em raz\u00e3o do boom dos formatos de v\u00eddeos de TikTok e Reels, do Instagram, vem ampliando a atua\u00e7\u00e3o do papel do produtor musical em music branding. Nesse tipo de projeto, o contratante envia seu briefing aqui com as informa\u00e7\u00f5es necess\u00e1rias para a cria\u00e7\u00e3o da m\u00fasica, como refer\u00eancias, tempo da trilha, entre outros. Um or\u00e7amento \u00e9 elaborado e, com a aprova\u00e7\u00e3o, a pe\u00e7a musical \u00e9 realizada em poucos dias. Ao contr\u00e1rio dos bancos de trilhas gen\u00e9ricos, a m\u00fasica personalizada permite sincronizar os&#8230; <\/p>\n","protected":false},"author":1,"featured_media":0,"parent":0,"menu_order":0,"comment_status":"closed","ping_status":"closed","template":"template-parts\/page-template-full-width.php","meta":{"_coblocks_attr":"","_coblocks_dimensions":"","_coblocks_responsive_height":"","_coblocks_accordion_ie_support":"","footnotes":""},"class_list":["post-335","page","type-page","status-publish","hentry"],"jetpack_sharing_enabled":true,"_links":{"self":[{"href":"https:\/\/adamesteves.com\/es\/wp-json\/wp\/v2\/pages\/335","targetHints":{"allow":["GET"]}}],"collection":[{"href":"https:\/\/adamesteves.com\/es\/wp-json\/wp\/v2\/pages"}],"about":[{"href":"https:\/\/adamesteves.com\/es\/wp-json\/wp\/v2\/types\/page"}],"author":[{"embeddable":true,"href":"https:\/\/adamesteves.com\/es\/wp-json\/wp\/v2\/users\/1"}],"replies":[{"embeddable":true,"href":"https:\/\/adamesteves.com\/es\/wp-json\/wp\/v2\/comments?post=335"}],"version-history":[{"count":10,"href":"https:\/\/adamesteves.com\/es\/wp-json\/wp\/v2\/pages\/335\/revisions"}],"predecessor-version":[{"id":1804,"href":"https:\/\/adamesteves.com\/es\/wp-json\/wp\/v2\/pages\/335\/revisions\/1804"}],"wp:attachment":[{"href":"https:\/\/adamesteves.com\/es\/wp-json\/wp\/v2\/media?parent=335"}],"curies":[{"name":"wp","href":"https:\/\/api.w.org\/{rel}","templated":true}]}}