{"id":526,"date":"2023-01-10T23:29:03","date_gmt":"2023-01-10T23:29:03","guid":{"rendered":"https:\/\/adamesteves.com\/?page_id=526"},"modified":"2023-01-10T23:29:32","modified_gmt":"2023-01-10T23:29:32","slug":"politica-de-privacidade","status":"publish","type":"page","link":"https:\/\/adamesteves.com\/en\/politica-de-privacidade\/","title":{"rendered":"Pol\u00edtica de Privacidade"},"content":{"rendered":"\n<p><strong>1 &#8211; INFORMA\u00c7\u00d5ES GERAIS<\/strong><\/p>\n\n\n\n<p>A presente Pol\u00edtica de Privacidade cont\u00e9m informa\u00e7\u00f5es sobre coleta, uso, armazenamento, tratamento e prote\u00e7\u00e3o dos dados pessoais dos usu\u00e1rios e visitantes site adamesteves.com, com a finalidade de demonstrar absoluta transpar\u00eancia quanto ao assunto e esclarecer a todos interessados sobre os tipos de dados que s\u00e3o coletados, os motivos da coleta e a forma como os usu\u00e1rios podem gerenciar ou excluir as suas informa\u00e7\u00f5es pessoais.<\/p>\n\n\n\n<p>Esta Pol\u00edtica de Privacidade aplica-se a todos os usu\u00e1rios e visitantes do site adamesteves.com e integra os Termos e Condi\u00e7\u00f5es Gerais de Uso do site adamesteves.com.<\/p>\n\n\n\n<p>O presente documento foi elaborado em conformidade com a Lei Geral de Prote\u00e7\u00e3o de Dados Pessoais (Lei 13.709\/18), o Marco Civil da Internet (Lei 12.965\/14) (e o Regulamento da UE n. 2016\/6790). Ainda, o documento poder\u00e1 ser atualizado em decorr\u00eancia de eventual atualiza\u00e7\u00e3o normativa, raz\u00e3o pela qual se convida o usu\u00e1rio a consultar periodicamente esta se\u00e7\u00e3o.<\/p>\n\n\n\n<p><strong>2 &#8211; COMO RECOLHEMOS OS DADOS PESSOAIS DO USU\u00c1RIO E DO VISITANTE?<\/strong><\/p>\n\n\n\n<p>Os dados pessoais do usu\u00e1rio e visitante s\u00e3o recolhidos pela plataforma da seguinte forma:<\/p>\n\n\n\n<ul class=\"wp-block-list\">\n<li>Campo de contato presentes na primeira p\u00e1gina do site (home) e p\u00e1gina de contato;<\/li>\n<\/ul>\n\n\n\n<p><strong>3 &#8211; QUAIS DADOS PESSOAIS RECOLHEMOS SOBRE O USU\u00c1RIO E VISITANTE?<\/strong><\/p>\n\n\n\n<p>Os dados pessoais do usu\u00e1rio e visitante recolhidos s\u00e3o os seguintes:<\/p>\n\n\n\n<ul class=\"wp-block-list\">\n<li>o nome e\/ou apelido;<\/li>\n\n\n\n<li>um endere\u00e7o de correio eletr\u00f4nico como nome.apelido@empresa.com;<\/li>\n<\/ul>\n\n\n\n<p><strong>4 &#8211; PARA QUE FINALIDADES UTILIZAMOS OS DADOS PESSOAIS DO USU\u00c1RIO E VISITANTE?<\/strong><\/p>\n\n\n\n<p>Os dados pessoais do usu\u00e1rio e do visitante coletados e armazenados pela plataforma adamesteves.com tem por finalidade:<\/p>\n\n\n\n<ul class=\"wp-block-list\">\n<li>Providenciar servi\u00e7os e informa\u00e7\u00f5es para os seus clientes. N\u00e3o vendemos, alugamos ou transmitimos a sua informa\u00e7\u00e3o pessoal com ou para outras entidades, de outra forma que n\u00e3o aquelas expressamente divulgadas nesta Pol\u00edtica de Privacidade.<\/li>\n<\/ul>\n\n\n\n<p>O tratamento de dados pessoais para finalidades n\u00e3o previstas nesta Pol\u00edtica de Privacidade somente ocorrer\u00e1 mediante comunica\u00e7\u00e3o pr\u00e9via ao usu\u00e1rio, de modo que os direitos e obriga\u00e7\u00f5es aqui previstos permanecem aplic\u00e1veis.<\/p>\n\n\n\n<p><strong>5 &#8211; POR QUANTO TEMPO OS DADOS PESSOAIS FICAM ARMAZENADOS?<\/strong><\/p>\n\n\n\n<p>Os dados pessoais do usu\u00e1rio e visitante s\u00e3o armazenados pela plataforma durante o per\u00edodo necess\u00e1rio para a presta\u00e7\u00e3o do servi\u00e7o ou o cumprimento das finalidades previstas no presente documento, conforme o disposto no inciso I do artigo 15 da Lei 13.709\/18.<\/p>\n\n\n\n<p>Os dados podem ser removidos ou anonimizados a pedido do usu\u00e1rio, excetuando os casos em que a lei oferecer outro tratamento.<\/p>\n\n\n\n<p>Ainda, os dados pessoais dos usu\u00e1rios apenas podem ser conservados ap\u00f3s o t\u00e9rmino de seu tratamento nas seguintes hip\u00f3teses previstas no artigo 16 da referida lei:<\/p>\n\n\n\n<p>I &#8211; cumprimento de obriga\u00e7\u00e3o legal ou regulat\u00f3ria pelo controlador;<\/p>\n\n\n\n<p>II &#8211; estudo por \u00f3rg\u00e3o de pesquisa, garantida, sempre que poss\u00edvel, a anonimiza\u00e7\u00e3o dos dados pessoais;<\/p>\n\n\n\n<p>III &#8211; transfer\u00eancia a terceiro, desde que respeitados os requisitos de tratamento de dados dispostos nesta Lei;<\/p>\n\n\n\n<p>IV &#8211; uso exclusivo do controlador, vedado seu acesso por terceiro, e desde que anonimizados os dados.<\/p>\n\n\n\n<p><strong>6 &#8211; SEGURAN\u00c7A DOS DADOS PESSOAIS ARMAZENADOS<\/strong><\/p>\n\n\n\n<p>A plataforma se compromete a aplicar as medidas t\u00e9cnicas e organizativas aptas a proteger os dados pessoais de acessos n\u00e3o autorizados e de situa\u00e7\u00f5es de destrui\u00e7\u00e3o, perda, altera\u00e7\u00e3o, comunica\u00e7\u00e3o ou difus\u00e3o de tais dados.<\/p>\n\n\n\n<p>A plataforma n\u00e3o se exime de responsabilidade por culpa exclusiva de terceiro, como em caso de ataque de hackers ou crackers, ou culpa exclusiva do usu\u00e1rio, como no caso em que ele mesmo transfere seus dados a terceiros. O site se compromete a comunicar o usu\u00e1rio em caso de alguma viola\u00e7\u00e3o de seguran\u00e7a dos seus dados pessoais.<\/p>\n\n\n\n<p>Os dados pessoais armazenados s\u00e3o tratados com confidencialidade, dentro dos limites legais. No entanto, podemos divulgar suas informa\u00e7\u00f5es pessoais caso sejamos obrigados pela lei para faz\u00ea-lo ou se voc\u00ea violar nossos Termos de Servi\u00e7o.<\/p>\n\n\n\n<p><strong>7 \u2013 COOKIES OU DADOS DE NAVEGA\u00c7\u00c3O<\/strong><\/p>\n\n\n\n<p>Os cookies referem-se a arquivos de texto enviados pela plataforma ao computador do usu\u00e1rio e visitante e que nele ficam armazenados, com informa\u00e7\u00f5es relacionadas \u00e0 navega\u00e7\u00e3o no site. Tais informa\u00e7\u00f5es s\u00e3o relacionadas aos dados de acesso como local e hor\u00e1rio de acesso e s\u00e3o armazenadas pelo navegador do usu\u00e1rio e visitante para que o servidor da plataforma possa l\u00ea-las posteriormente a fim de personalizar os servi\u00e7os da plataforma.<\/p>\n\n\n\n<p>O usu\u00e1rio e o visitante da plataforma adamesteves.com manifesta conhecer e aceitar que pode ser utilizado um sistema de coleta de dados de navega\u00e7\u00e3o mediante \u00e0 utiliza\u00e7\u00e3o de cookies.<\/p>\n\n\n\n<p>O cookie persistente permanece no disco r\u00edgido do usu\u00e1rio e visitante depois que o navegador \u00e9 fechado e ser\u00e1 usado pelo navegador em visitas subsequentes ao site. Os cookies persistentes podem ser removidos seguindo as instru\u00e7\u00f5es do seu navegador. J\u00e1 o cookie de sess\u00e3o \u00e9 tempor\u00e1rio e desaparece depois que o navegador \u00e9 fechado. \u00c9 poss\u00edvel redefinir seu navegador da web para recusar todos os cookies, por\u00e9m alguns recursos da plataforma podem n\u00e3o funcionar corretamente se a capacidade de aceitar cookies estiver desabilitada.<\/p>\n\n\n\n<p><strong>8 &#8211; CONSENTIMENTO<\/strong><\/p>\n\n\n\n<p>Ao utilizar os servi\u00e7os e fornecer as informa\u00e7\u00f5es pessoais na plataforma, o usu\u00e1rio est\u00e1 consentindo com a presente Pol\u00edtica de Privacidade.<\/p>\n\n\n\n<p><strong>9 &#8211; ALTERA\u00c7\u00d5ES PARA ESSA POL\u00cdTICA DE PRIVACIDADE<\/strong><\/p>\n\n\n\n<p>Reservamos o direito de modificar essa Pol\u00edtica de Privacidade a qualquer momento, ent\u00e3o, \u00e9 recomend\u00e1vel que o usu\u00e1rio e visitante revise-a com frequ\u00eancia.<\/p>\n\n\n\n<p>As altera\u00e7\u00f5es e esclarecimentos v\u00e3o surtir efeito imediatamente ap\u00f3s sua publica\u00e7\u00e3o na plataforma. Quando realizadas altera\u00e7\u00f5es os usu\u00e1rios ser\u00e3o notificados. Ao utilizar o servi\u00e7o ou fornecer informa\u00e7\u00f5es pessoais ap\u00f3s eventuais modifica\u00e7\u00f5es, o usu\u00e1rio e visitante demonstra sua concord\u00e2ncia com as novas normas.<\/p>\n\n\n\n<p>Diante da fus\u00e3o ou venda da plataforma \u00e0 outra empresa os dados dos usu\u00e1rios podem ser transferidas para os novos propriet\u00e1rios para que a perman\u00eancia dos servi\u00e7os oferecidos.<\/p>\n\n\n\n<p><strong>10 \u2013 CONSIDERA\u00c7\u00d5ES FINAIS<\/strong><\/p>\n\n\n\n<p>No entendimento do site adamesteves.com, se seguirmos as diretrizes descritas neste documento, estas ser\u00e3o mais do que suficiente para preservar a idoneidade do relacionamento cliente \/ consumidor nos meios digitais.<\/p>\n","protected":false},"excerpt":{"rendered":"<p>1 &#8211; INFORMA\u00c7\u00d5ES GERAIS A presente Pol\u00edtica de Privacidade cont\u00e9m informa\u00e7\u00f5es sobre coleta, uso, armazenamento, tratamento e prote\u00e7\u00e3o dos dados pessoais dos usu\u00e1rios e visitantes site adamesteves.com, com a finalidade de demonstrar absoluta transpar\u00eancia quanto ao assunto e esclarecer a todos interessados sobre os tipos de dados que s\u00e3o coletados, os motivos da coleta e a forma como os usu\u00e1rios podem gerenciar ou excluir as suas informa\u00e7\u00f5es pessoais. Esta Pol\u00edtica de Privacidade aplica-se a todos os usu\u00e1rios e visitantes do site adamesteves.com e integra os Termos e Condi\u00e7\u00f5es Gerais de Uso do site adamesteves.com. O presente documento foi elaborado em&#8230; <\/p>\n","protected":false},"author":1,"featured_media":0,"parent":0,"menu_order":0,"comment_status":"closed","ping_status":"closed","template":"template-parts\/page-template-full-width.php","meta":{"_coblocks_attr":"","_coblocks_dimensions":"","_coblocks_responsive_height":"","_coblocks_accordion_ie_support":"","footnotes":""},"class_list":["post-526","page","type-page","status-publish","hentry"],"jetpack_sharing_enabled":true,"_links":{"self":[{"href":"https:\/\/adamesteves.com\/en\/wp-json\/wp\/v2\/pages\/526","targetHints":{"allow":["GET"]}}],"collection":[{"href":"https:\/\/adamesteves.com\/en\/wp-json\/wp\/v2\/pages"}],"about":[{"href":"https:\/\/adamesteves.com\/en\/wp-json\/wp\/v2\/types\/page"}],"author":[{"embeddable":true,"href":"https:\/\/adamesteves.com\/en\/wp-json\/wp\/v2\/users\/1"}],"replies":[{"embeddable":true,"href":"https:\/\/adamesteves.com\/en\/wp-json\/wp\/v2\/comments?post=526"}],"version-history":[{"count":2,"href":"https:\/\/adamesteves.com\/en\/wp-json\/wp\/v2\/pages\/526\/revisions"}],"predecessor-version":[{"id":528,"href":"https:\/\/adamesteves.com\/en\/wp-json\/wp\/v2\/pages\/526\/revisions\/528"}],"wp:attachment":[{"href":"https:\/\/adamesteves.com\/en\/wp-json\/wp\/v2\/media?parent=526"}],"curies":[{"name":"wp","href":"https:\/\/api.w.org\/{rel}","templated":true}]}}