{"id":140,"date":"2022-09-24T13:37:23","date_gmt":"2022-09-24T13:37:23","guid":{"rendered":"https:\/\/adamesteves.com\/?page_id=140"},"modified":"2023-01-06T18:27:02","modified_gmt":"2023-01-06T18:27:02","slug":"masterizacao","status":"publish","type":"page","link":"https:\/\/adamesteves.com\/en\/masterizacao\/","title":{"rendered":"Masteriza\u00e7\u00e3o"},"content":{"rendered":"\n<p>Tratamento final e adapta\u00e7\u00e3o do fonograma para determinados meios de m\u00eddia onde a m\u00fasica ser\u00e1 veiculada, como CD, YouTube, Spotify, entre outros.<\/p>\n\n\n\n<div class=\"wp-block-columns is-layout-flex wp-container-core-columns-is-layout-9d6595d7 wp-block-columns-is-layout-flex\">\n<div class=\"wp-block-column is-layout-flow wp-block-column-is-layout-flow\" style=\"flex-basis:66.66%\">\n<figure class=\"wp-block-gallery has-nested-images columns-default is-cropped wp-block-gallery-1 is-layout-flex wp-block-gallery-is-layout-flex\">\n<figure class=\"wp-block-image size-large\"><img loading=\"lazy\" decoding=\"async\" width=\"2560\" height=\"1707\" data-id=\"233\" src=\"http:\/\/adamesteves.com\/wp-content\/uploads\/2022\/12\/1_DSC0489-scaled.jpg\" alt=\"\" class=\"wp-image-233\" srcset=\"https:\/\/adamesteves.com\/wp-content\/uploads\/2022\/12\/1_DSC0489-scaled.jpg 2560w, https:\/\/adamesteves.com\/wp-content\/uploads\/2022\/12\/1_DSC0489-300x200.jpg 300w\" sizes=\"auto, (max-width: 2560px) 100vw, 2560px\" \/><figcaption><em>Foto: Karina Pizzini<\/em><\/figcaption><\/figure>\n<\/figure>\n<\/div>\n\n\n\n<div class=\"wp-block-column is-layout-flow wp-block-column-is-layout-flow\" style=\"flex-basis:33.33%\">\n<p>Ap\u00f3s a realiza\u00e7\u00e3o da mixagem, \u00e9 realizada a \u00faltima etapa j\u00e1 com todas as tracks condensadas em apenas uma faixa, que passa por novos processos de equaliza\u00e7\u00e3o, compress\u00e3o e ajuste de volume.<\/p>\n\n\n\n<p>Aqui, tamb\u00e9m \u00e9 realizada a adequa\u00e7\u00e3o para determinada m\u00eddia, seja ela um vinil, CD ou servi\u00e7os de streamings. <\/p>\n\n\n\n<p>O Spotify por exemplo solicita que a m\u00fasica seja entregue com o volume em -14 dB LUFS, de acordo com o padr\u00e3o ITU 1770 (International Telecommunication Union).<\/p>\n\n\n\n<p>Algumas empresas permitem tamb\u00e9m que o \u00e1udio seja entregue em qualidade em 48khz e 24 bits, elevando assim a sonoridade entregue ao ouvido de uma forma nunca vista antes, fosse no CD ou no vinil.<\/p>\n\n\n\n<p>A masteriza\u00e7\u00e3o \u00e9 um procedimento mais simples do que a mixagem e, portanto, mais barato. No entanto, \u00e9 necess\u00e1rio efetuar os testes em diferentes aparelhos e fontes de \u00e1udio, a fim de chegar no melhor resultado. <\/p>\n\n\n\n<p><\/p>\n<\/div>\n<\/div>\n","protected":false},"excerpt":{"rendered":"<p>Tratamento final e adapta\u00e7\u00e3o do fonograma para determinados meios de m\u00eddia onde a m\u00fasica ser\u00e1 veiculada, como CD, YouTube, Spotify, entre outros. Ap\u00f3s a realiza\u00e7\u00e3o da mixagem, \u00e9 realizada a \u00faltima etapa j\u00e1 com todas as tracks condensadas em apenas uma faixa, que passa por novos processos de equaliza\u00e7\u00e3o, compress\u00e3o e ajuste de volume. Aqui, tamb\u00e9m \u00e9 realizada a adequa\u00e7\u00e3o para determinada m\u00eddia, seja ela um vinil, CD ou servi\u00e7os de streamings. O Spotify por exemplo solicita que a m\u00fasica seja entregue com o volume em -14 dB LUFS, de acordo com o padr\u00e3o ITU 1770 (International Telecommunication Union). Algumas&#8230; <\/p>\n","protected":false},"author":1,"featured_media":0,"parent":0,"menu_order":0,"comment_status":"closed","ping_status":"closed","template":"template-parts\/page-template-full-width.php","meta":{"_coblocks_attr":"","_coblocks_dimensions":"","_coblocks_responsive_height":"","_coblocks_accordion_ie_support":"","footnotes":""},"class_list":["post-140","page","type-page","status-publish","hentry"],"jetpack_sharing_enabled":true,"_links":{"self":[{"href":"https:\/\/adamesteves.com\/en\/wp-json\/wp\/v2\/pages\/140","targetHints":{"allow":["GET"]}}],"collection":[{"href":"https:\/\/adamesteves.com\/en\/wp-json\/wp\/v2\/pages"}],"about":[{"href":"https:\/\/adamesteves.com\/en\/wp-json\/wp\/v2\/types\/page"}],"author":[{"embeddable":true,"href":"https:\/\/adamesteves.com\/en\/wp-json\/wp\/v2\/users\/1"}],"replies":[{"embeddable":true,"href":"https:\/\/adamesteves.com\/en\/wp-json\/wp\/v2\/comments?post=140"}],"version-history":[{"count":9,"href":"https:\/\/adamesteves.com\/en\/wp-json\/wp\/v2\/pages\/140\/revisions"}],"predecessor-version":[{"id":349,"href":"https:\/\/adamesteves.com\/en\/wp-json\/wp\/v2\/pages\/140\/revisions\/349"}],"wp:attachment":[{"href":"https:\/\/adamesteves.com\/en\/wp-json\/wp\/v2\/media?parent=140"}],"curies":[{"name":"wp","href":"https:\/\/api.w.org\/{rel}","templated":true}]}}