{"id":138,"date":"2022-09-24T13:37:07","date_gmt":"2022-09-24T13:37:07","guid":{"rendered":"https:\/\/adamesteves.com\/?page_id=138"},"modified":"2023-01-06T18:28:03","modified_gmt":"2023-01-06T18:28:03","slug":"mixagem","status":"publish","type":"page","link":"https:\/\/adamesteves.com\/en\/mixagem\/","title":{"rendered":"Mixagem"},"content":{"rendered":"\n<p>Finaliza\u00e7\u00e3o do material gravado por meio dos processos de equaliza\u00e7\u00e3o, compress\u00e3o, inclus\u00e3o de efeitos, entre outros tratamentos.<\/p>\n\n\n\n<div class=\"wp-block-columns is-layout-flex wp-container-core-columns-is-layout-9d6595d7 wp-block-columns-is-layout-flex\">\n<div class=\"wp-block-column is-layout-flow wp-block-column-is-layout-flow\" style=\"flex-basis:66.66%\">\n<figure class=\"wp-block-gallery has-nested-images columns-default is-cropped wp-block-gallery-1 is-layout-flex wp-block-gallery-is-layout-flex\">\n<figure class=\"wp-block-image size-large\"><img loading=\"lazy\" decoding=\"async\" width=\"1024\" height=\"683\" data-id=\"231\" src=\"http:\/\/adamesteves.com\/wp-content\/uploads\/2022\/12\/1_DSC0393-scaled-e1672092673578-1024x683.jpg\" alt=\"\" class=\"wp-image-231\" srcset=\"https:\/\/adamesteves.com\/wp-content\/uploads\/2022\/12\/1_DSC0393-scaled-e1672092673578-1024x683.jpg 1024w, https:\/\/adamesteves.com\/wp-content\/uploads\/2022\/12\/1_DSC0393-scaled-e1672092673578-300x200.jpg 300w, https:\/\/adamesteves.com\/wp-content\/uploads\/2022\/12\/1_DSC0393-scaled-e1672092673578-768x512.jpg 768w, https:\/\/adamesteves.com\/wp-content\/uploads\/2022\/12\/1_DSC0393-scaled-e1672092673578-1536x1024.jpg 1536w, https:\/\/adamesteves.com\/wp-content\/uploads\/2022\/12\/1_DSC0393-scaled-e1672092673578-2048x1366.jpg 2048w, https:\/\/adamesteves.com\/wp-content\/uploads\/2022\/12\/1_DSC0393-scaled-e1672092673578-1320x880.jpg 1320w, https:\/\/adamesteves.com\/wp-content\/uploads\/2022\/12\/1_DSC0393-scaled-e1672092673578-600x400.jpg 600w\" sizes=\"auto, (max-width: 1024px) 100vw, 1024px\" \/><figcaption><em>Foto: Karina Pizzini<\/em><\/figcaption><\/figure>\n<\/figure>\n<\/div>\n\n\n\n<div class=\"wp-block-column is-layout-flow wp-block-column-is-layout-flow\" style=\"flex-basis:33.33%\">\n<p>A mixagem \u00e9 realizada por meio de 5 etapas:<\/p>\n\n\n\n<ol class=\"wp-block-list\"><li><strong>Volume<\/strong>: equil\u00edbrio dos volumes das tracks, valorizando cada instrumento de acordo com o seu papel na m\u00fasica; <\/li><li><strong>Pan<\/strong>: a apropria\u00e7\u00e3o do espectro est\u00e9reo, dispondo sons ao longo de um eixo horizontal ou 360\u00ba no caso de trilhas voltadas para o sistema 5.1;<\/li><li><strong>Equaliza\u00e7\u00e3o<\/strong>: valoriza\u00e7\u00e3o das frequ\u00eancias, buscando equilibr\u00e1-las de modo a n\u00e3o criar competi\u00e7\u00e3o entre os instrumentos, mas sim potencializ\u00e1-los.<\/li><li><strong>Compress\u00e3o<\/strong>: aqui, a ideia \u00e9 reduzir os picos, tornando o som mais suave e amig\u00e1vel aos ouvidos, controlando a din\u00e2mica quando necess\u00e1rio;<\/li><li><strong>Efeitos<\/strong>: aplica\u00e7\u00e3o de delay, reverb, entre outros, incluindo texturiza\u00e7\u00f5es que garantam uma personalidade \u00e0 m\u00fasica ou um tratamento mais profissional.<\/li><\/ol>\n\n\n\n<p>Vale destacar que acr\u00e9scimo de samples e grava\u00e7\u00f5es de instrumentos est\u00e1 <strong>previsto no trabalho de produ\u00e7\u00e3o musical<\/strong>.<\/p>\n<\/div>\n<\/div>\n","protected":false},"excerpt":{"rendered":"<p>Finaliza\u00e7\u00e3o do material gravado por meio dos processos de equaliza\u00e7\u00e3o, compress\u00e3o, inclus\u00e3o de efeitos, entre outros tratamentos. A mixagem \u00e9 realizada por meio de 5 etapas: Volume: equil\u00edbrio dos volumes das tracks, valorizando cada instrumento de acordo com o seu papel na m\u00fasica; Pan: a apropria\u00e7\u00e3o do espectro est\u00e9reo, dispondo sons ao longo de um eixo horizontal ou 360\u00ba no caso de trilhas voltadas para o sistema 5.1; Equaliza\u00e7\u00e3o: valoriza\u00e7\u00e3o das frequ\u00eancias, buscando equilibr\u00e1-las de modo a n\u00e3o criar competi\u00e7\u00e3o entre os instrumentos, mas sim potencializ\u00e1-los. Compress\u00e3o: aqui, a ideia \u00e9 reduzir os picos, tornando o som mais suave e&#8230; <\/p>\n","protected":false},"author":1,"featured_media":0,"parent":0,"menu_order":0,"comment_status":"closed","ping_status":"closed","template":"template-parts\/page-template-full-width.php","meta":{"_coblocks_attr":"","_coblocks_dimensions":"","_coblocks_responsive_height":"","_coblocks_accordion_ie_support":"","footnotes":""},"class_list":["post-138","page","type-page","status-publish","hentry"],"jetpack_sharing_enabled":true,"_links":{"self":[{"href":"https:\/\/adamesteves.com\/en\/wp-json\/wp\/v2\/pages\/138","targetHints":{"allow":["GET"]}}],"collection":[{"href":"https:\/\/adamesteves.com\/en\/wp-json\/wp\/v2\/pages"}],"about":[{"href":"https:\/\/adamesteves.com\/en\/wp-json\/wp\/v2\/types\/page"}],"author":[{"embeddable":true,"href":"https:\/\/adamesteves.com\/en\/wp-json\/wp\/v2\/users\/1"}],"replies":[{"embeddable":true,"href":"https:\/\/adamesteves.com\/en\/wp-json\/wp\/v2\/comments?post=138"}],"version-history":[{"count":9,"href":"https:\/\/adamesteves.com\/en\/wp-json\/wp\/v2\/pages\/138\/revisions"}],"predecessor-version":[{"id":333,"href":"https:\/\/adamesteves.com\/en\/wp-json\/wp\/v2\/pages\/138\/revisions\/333"}],"wp:attachment":[{"href":"https:\/\/adamesteves.com\/en\/wp-json\/wp\/v2\/media?parent=138"}],"curies":[{"name":"wp","href":"https:\/\/api.w.org\/{rel}","templated":true}]}}