{"id":133,"date":"2022-09-24T13:31:29","date_gmt":"2022-09-24T13:31:29","guid":{"rendered":"https:\/\/adamesteves.com\/?page_id=133"},"modified":"2025-02-26T02:48:12","modified_gmt":"2025-02-26T02:48:12","slug":"producao-musical","status":"publish","type":"page","link":"https:\/\/adamesteves.com\/en\/producao-musical\/","title":{"rendered":"Produ\u00e7\u00e3o Musical"},"content":{"rendered":"\n<p>Cria\u00e7\u00e3o de trilhas sonoras para v\u00eddeos publicit\u00e1rios, jingles e m\u00fasicas para artistas, contemplando diversos g\u00eaneros musicais.<\/p>\n\n\n\n<figure class=\"wp-block-video\"><video controls src=\"http:\/\/adamesteves.com\/wp-content\/uploads\/2022\/12\/Vi\u0301deo_Adam_Divulgac\u0327a\u0303o_Wordpress-1.m4v\"><\/video><\/figure>\n\n\n\n<h2 class=\"has-large-font-size wp-block-heading\">Como funciona a produ\u00e7\u00e3o musical?<\/h2>\n\n\n\n<p>Ap\u00f3s receber o pedido da marca ou do artista por meio do campo de <a href=\"https:\/\/adamesteves.com\/contato\/\" data-type=\"URL\" data-id=\"https:\/\/adamesteves.com\/contato\/\">contato<\/a> (clicando <a href=\"https:\/\/adamesteves.com\/contato\/\" data-type=\"URL\" data-id=\"https:\/\/adamesteves.com\/contato\/\">aqui<\/a>), \u00e9 realizado um or\u00e7amento. Com a aprova\u00e7\u00e3o, o trabalho \u00e9 iniciado. O produtor musical solicita algumas refer\u00eancias musicais do artista e desenha um cronograma com as datas para grava\u00e7\u00e3o e produ\u00e7\u00e3o.<\/p>\n\n\n\n<p>Nesse processo, o contratante pode ou n\u00e3o participar do processo criativo e, em alguns casos, decide junto ao produtor a escolha dos timbres e instrumentos presentes na m\u00fasica.<\/p>\n\n\n\n<p>Ao final, s\u00e3o realizadas algumas audi\u00e7\u00f5es e, com a aprova\u00e7\u00e3o, o material segue para mixagem.<\/p>\n","protected":false},"excerpt":{"rendered":"<p>Cria\u00e7\u00e3o de trilhas sonoras para v\u00eddeos publicit\u00e1rios, jingles e m\u00fasicas para artistas, contemplando diversos g\u00eaneros musicais. Como funciona a produ\u00e7\u00e3o musical? Ap\u00f3s receber o pedido da marca ou do artista por meio do campo de contato (clicando aqui), \u00e9 realizado um or\u00e7amento. Com a aprova\u00e7\u00e3o, o trabalho \u00e9 iniciado. O produtor musical solicita algumas refer\u00eancias musicais do artista e desenha um cronograma com as datas para grava\u00e7\u00e3o e produ\u00e7\u00e3o. Nesse processo, o contratante pode ou n\u00e3o participar do processo criativo e, em alguns casos, decide junto ao produtor a escolha dos timbres e instrumentos presentes na m\u00fasica. Ao final, s\u00e3o&#8230; <\/p>\n","protected":false},"author":1,"featured_media":0,"parent":0,"menu_order":0,"comment_status":"closed","ping_status":"closed","template":"template-parts\/page-template-full-width.php","meta":{"_coblocks_attr":"","_coblocks_dimensions":"","_coblocks_responsive_height":"","_coblocks_accordion_ie_support":"","footnotes":""},"class_list":["post-133","page","type-page","status-publish","hentry"],"jetpack_sharing_enabled":true,"_links":{"self":[{"href":"https:\/\/adamesteves.com\/en\/wp-json\/wp\/v2\/pages\/133","targetHints":{"allow":["GET"]}}],"collection":[{"href":"https:\/\/adamesteves.com\/en\/wp-json\/wp\/v2\/pages"}],"about":[{"href":"https:\/\/adamesteves.com\/en\/wp-json\/wp\/v2\/types\/page"}],"author":[{"embeddable":true,"href":"https:\/\/adamesteves.com\/en\/wp-json\/wp\/v2\/users\/1"}],"replies":[{"embeddable":true,"href":"https:\/\/adamesteves.com\/en\/wp-json\/wp\/v2\/comments?post=133"}],"version-history":[{"count":12,"href":"https:\/\/adamesteves.com\/en\/wp-json\/wp\/v2\/pages\/133\/revisions"}],"predecessor-version":[{"id":7651,"href":"https:\/\/adamesteves.com\/en\/wp-json\/wp\/v2\/pages\/133\/revisions\/7651"}],"wp:attachment":[{"href":"https:\/\/adamesteves.com\/en\/wp-json\/wp\/v2\/media?parent=133"}],"curies":[{"name":"wp","href":"https:\/\/api.w.org\/{rel}","templated":true}]}}